{"id":14,"date":"2025-05-05T11:46:19","date_gmt":"2025-05-05T16:46:19","guid":{"rendered":"https:\/\/asoazuaycge.com\/?page_id=14"},"modified":"2026-03-31T13:14:54","modified_gmt":"2026-03-31T18:14:54","slug":"inicio","status":"publish","type":"page","link":"https:\/\/asoazuaycge.com\/","title":{"rendered":"Inicio"},"content":{"rendered":"\t\t<div data-elementor-type=\"wp-page\" data-elementor-id=\"14\" class=\"elementor elementor-14\" data-elementor-post-type=\"page\">\n\t\t\t\t<div class=\"elementor-element elementor-element-9dcc3d8 e-con-full e-flex e-con e-parent\" data-id=\"9dcc3d8\" data-element_type=\"container\" data-e-type=\"container\">\n\t\t\t\t<div class=\"elementor-element elementor-element-341ae8c elementor-widget__width-inherit elementor--h-position-center elementor--v-position-middle elementor-arrows-position-inside elementor-widget elementor-widget-slides\" data-id=\"341ae8c\" data-element_type=\"widget\" data-e-type=\"widget\" data-settings=\"{&quot;navigation&quot;:&quot;arrows&quot;,&quot;transition&quot;:&quot;fade&quot;,&quot;transition_speed&quot;:500}\" data-widget_type=\"slides.default\">\n\t\t\t\t<div class=\"elementor-widget-container\">\n\t\t\t\t\t\t\t\t\t<div class=\"elementor-swiper\">\n\t\t\t\t\t<div class=\"elementor-slides-wrapper elementor-main-swiper swiper\" role=\"region\" aria-roledescription=\"carousel\" aria-label=\"Slides\" dir=\"ltr\" data-animation=\"fadeInUp\">\n\t\t\t\t<div class=\"swiper-wrapper elementor-slides\">\n\t\t\t\t\t\t\t\t\t\t<div class=\"elementor-repeater-item-a386762 swiper-slide\" role=\"group\" aria-roledescription=\"slide\"><div class=\"swiper-slide-bg elementor-ken-burns elementor-ken-burns--in\" role=\"img\"><\/div><a class=\"swiper-slide-inner\" href=\"https:\/\/asoazuaycge.com\/index.php\/noticias\/\"><div class=\"swiper-slide-contents\"><div class=\"elementor-slide-heading\">Noticias<\/div><div  class=\"elementor-button elementor-slide-button elementor-size-md\">Ver m\u00e1s<\/div><\/div><\/a><\/div><div class=\"elementor-repeater-item-4fbb9bb swiper-slide\" role=\"group\" aria-roledescription=\"slide\"><div class=\"swiper-slide-bg elementor-ken-burns elementor-ken-burns--in\" role=\"img\"><\/div><a class=\"swiper-slide-inner\" href=\"https:\/\/asoazuaycge.com\/index.php\/servicio\/\"><div class=\"swiper-slide-contents\"><div class=\"elementor-slide-heading\">Servicios<\/div><div  class=\"elementor-button elementor-slide-button elementor-size-md\">Click Here<\/div><\/div><\/a><\/div><div class=\"elementor-repeater-item-feaee42 swiper-slide\" role=\"group\" aria-roledescription=\"slide\"><div class=\"swiper-slide-bg elementor-ken-burns elementor-ken-burns--in\" role=\"img\"><\/div><div class=\"swiper-slide-inner\" ><div class=\"swiper-slide-contents\"><div class=\"elementor-slide-heading\">Consultas<\/div><div  class=\"elementor-button elementor-slide-button elementor-size-md\">Click Here<\/div><\/div><\/div><\/div>\t\t\t\t<\/div>\n\t\t\t\t\t\t\t\t\t\t\t\t\t\t\t<div class=\"elementor-swiper-button elementor-swiper-button-prev\" role=\"button\" tabindex=\"0\" aria-label=\"Previous slide\">\n\t\t\t\t\t\t\t<svg aria-hidden=\"true\" class=\"e-font-icon-svg e-eicon-chevron-left\" viewBox=\"0 0 1000 1000\" xmlns=\"http:\/\/www.w3.org\/2000\/svg\"><path d=\"M646 125C629 125 613 133 604 142L308 442C296 454 292 471 292 487 292 504 296 521 308 533L604 854C617 867 629 875 646 875 663 875 679 871 692 858 704 846 713 829 713 812 713 796 708 779 692 767L438 487 692 225C700 217 708 204 708 187 708 171 704 154 692 142 675 129 663 125 646 125Z\"><\/path><\/svg>\t\t\t\t\t\t<\/div>\n\t\t\t\t\t\t<div class=\"elementor-swiper-button elementor-swiper-button-next\" role=\"button\" tabindex=\"0\" aria-label=\"Next slide\">\n\t\t\t\t\t\t\t<svg aria-hidden=\"true\" class=\"e-font-icon-svg e-eicon-chevron-right\" viewBox=\"0 0 1000 1000\" xmlns=\"http:\/\/www.w3.org\/2000\/svg\"><path d=\"M696 533C708 521 713 504 713 487 713 471 708 454 696 446L400 146C388 133 375 125 354 125 338 125 325 129 313 142 300 154 292 171 292 187 292 204 296 221 308 233L563 492 304 771C292 783 288 800 288 817 288 833 296 850 308 863 321 871 338 875 354 875 371 875 388 867 400 854L696 533Z\"><\/path><\/svg>\t\t\t\t\t\t<\/div>\n\t\t\t\t\t\t\t\t\t\t\t\t\t\t\t\t\t<\/div>\n\t\t\t\t<\/div>\n\t\t\t\t\t\t\t\t<\/div>\n\t\t\t\t<\/div>\n\t\t\t\t<\/div>\n\t\t<div class=\"elementor-element elementor-element-194474c e-flex e-con-boxed e-con e-parent\" data-id=\"194474c\" data-element_type=\"container\" data-e-type=\"container\">\n\t\t\t\t\t<div class=\"e-con-inner\">\n\t\t<div class=\"elementor-element elementor-element-b399fcc e-con-full e-flex e-con e-child\" data-id=\"b399fcc\" data-element_type=\"container\" data-e-type=\"container\">\n\t\t\t\t<div class=\"elementor-element elementor-element-6d065d7 elementor-position-top elementor-widget elementor-widget-image-box\" data-id=\"6d065d7\" data-element_type=\"widget\" data-e-type=\"widget\" data-widget_type=\"image-box.default\">\n\t\t\t\t<div class=\"elementor-widget-container\">\n\t\t\t\t\t<div class=\"elementor-image-box-wrapper\"><figure class=\"elementor-image-box-img\"><img decoding=\"async\" src=\"https:\/\/catahualpa.fin.ec\/wp\/wp-content\/uploads\/2019\/03\/mision-2-gris-250x188.jpg\" title=\"\" alt=\"\" loading=\"lazy\" \/><\/figure><div class=\"elementor-image-box-content\"><h3 class=\"elementor-image-box-title\">Misi\u00f3n<\/h3><p class=\"elementor-image-box-description\"><p style=\"text-align:justify\">Entregar      productos      y servicios      micro financieros que  se  adaptan  a  las  necesidades de  los  socios  e impulsan  el crecimiento  de  sus operaciones mercantiles, con      atenci\u00f3n oportuna  y  personalizada  dentro del marco de \u00e9tica, honestidad, compromiso y equidad.<\/p><\/p><\/div><\/div>\t\t\t\t<\/div>\n\t\t\t\t<\/div>\n\t\t\t\t<\/div>\n\t\t<div class=\"elementor-element elementor-element-f270f2b e-con-full e-flex e-con e-child\" data-id=\"f270f2b\" data-element_type=\"container\" data-e-type=\"container\">\n\t\t\t\t<div class=\"elementor-element elementor-element-140587d elementor-position-top elementor-widget elementor-widget-image-box\" data-id=\"140587d\" data-element_type=\"widget\" data-e-type=\"widget\" data-widget_type=\"image-box.default\">\n\t\t\t\t<div class=\"elementor-widget-container\">\n\t\t\t\t\t<div class=\"elementor-image-box-wrapper\"><figure class=\"elementor-image-box-img\"><img decoding=\"async\" src=\"https:\/\/catahualpa.fin.ec\/wp\/wp-content\/uploads\/2019\/03\/mision-2-gris-250x188.jpg\" title=\"\" alt=\"\" loading=\"lazy\" \/><\/figure><div class=\"elementor-image-box-content\"><h3 class=\"elementor-image-box-title\">Visi\u00f3n<\/h3><p class=\"elementor-image-box-description\"><p style=\"text-align:justify\">La  Caja de  Ahorro  y  Cr\u00e9dito  Atahualpa se consolidar\u00e1  en  el  mercado  financiero  por el reconocimiento  obtenido  de  sus  socios  en base a   la confianza,   el   compromiso   y   la solidaridad demostrada.\n\n<\/p><\/p><\/div><\/div>\t\t\t\t<\/div>\n\t\t\t\t<\/div>\n\t\t\t\t<\/div>\n\t\t\t\t\t<\/div>\n\t\t\t\t<\/div>\n\t\t<div class=\"elementor-element elementor-element-dd09317 e-flex e-con-boxed e-con e-parent\" data-id=\"dd09317\" data-element_type=\"container\" data-e-type=\"container\" data-settings=\"{&quot;background_background&quot;:&quot;classic&quot;}\">\n\t\t\t\t\t<div class=\"e-con-inner\">\n\t\t<div class=\"elementor-element elementor-element-7a7bc42 e-grid e-con-full e-con e-child\" data-id=\"7a7bc42\" data-element_type=\"container\" data-e-type=\"container\" data-settings=\"{&quot;background_background&quot;:&quot;classic&quot;}\">\n\t\t\t\t<div class=\"elementor-element elementor-element-b2527ba elementor-position-top elementor-widget elementor-widget-image-box\" data-id=\"b2527ba\" data-element_type=\"widget\" data-e-type=\"widget\" data-widget_type=\"image-box.default\">\n\t\t\t\t<div class=\"elementor-widget-container\">\n\t\t\t\t\t<div class=\"elementor-image-box-wrapper\"><figure class=\"elementor-image-box-img\"><a href=\"https:\/\/asoazuaycge.com\/index.php\/ahorros\/\" tabindex=\"-1\"><img fetchpriority=\"high\" decoding=\"async\" width=\"512\" height=\"512\" src=\"https:\/\/asoazuaycge.com\/wp-content\/uploads\/2025\/05\/LOGO-AHORRO-NORMAL_w.png\" class=\"attachment-full size-full wp-image-53\" alt=\"\" \/><\/a><\/figure><div class=\"elementor-image-box-content\"><h1 class=\"elementor-image-box-title\"><a href=\"https:\/\/asoazuaycge.com\/index.php\/ahorros\/\">Ahorros<\/a><\/h1><p class=\"elementor-image-box-description\"><p style=\"text-align:center;color:#fff\">\nTu dinero disponible de forma inmediata, fortalece tu plan de ahorro\n<\/p>\n\n<a href=\"https:\/\/asoazuaycge.com\/index.php\/ahorros\/\" style=\"background-color:#fff;color:#074749;padding:10px 20px;font-weight:bold;text-decoration:none;border-radius:5px\">\n    M\u00e1s informaci\u00f3n\n<\/a><\/p><\/div><\/div>\t\t\t\t<\/div>\n\t\t\t\t<\/div>\n\t\t\t\t<div class=\"elementor-element elementor-element-976dc56 elementor-position-top elementor-widget elementor-widget-image-box\" data-id=\"976dc56\" data-element_type=\"widget\" data-e-type=\"widget\" data-widget_type=\"image-box.default\">\n\t\t\t\t<div class=\"elementor-widget-container\">\n\t\t\t\t\t<div class=\"elementor-image-box-wrapper\"><figure class=\"elementor-image-box-img\"><a href=\"https:\/\/asoazuaycge.com\/index.php\/inversiones\/\" tabindex=\"-1\"><img fetchpriority=\"high\" decoding=\"async\" width=\"512\" height=\"512\" src=\"https:\/\/asoazuaycge.com\/wp-content\/uploads\/2025\/05\/LOGO-AHORRO-NORMAL_w.png\" class=\"attachment-full size-full wp-image-53\" alt=\"\" \/><\/a><\/figure><div class=\"elementor-image-box-content\"><h3 class=\"elementor-image-box-title\"><a href=\"https:\/\/asoazuaycge.com\/index.php\/inversiones\/\">Inversiones<\/a><\/h3><p class=\"elementor-image-box-description\"><p style=\"text-align:center;color:#fff\">Tu dinero disponible de forma inmediata, fortalece tu plan de ahorro\n<\/p>\n\n<a href=\"https:\/\/asoazuaycge.com\/index.php\/inversiones\/\" style=\"background-color:#fff;color:#074749;padding:10px 20px;font-weight:bold;text-decoration:none;border-radius:5px\">\n    M\u00e1s informaci\u00f3n\n<\/a><\/p><\/div><\/div>\t\t\t\t<\/div>\n\t\t\t\t<\/div>\n\t\t\t\t<div class=\"elementor-element elementor-element-ae8cc45 elementor-position-top elementor-widget elementor-widget-image-box\" data-id=\"ae8cc45\" data-element_type=\"widget\" data-e-type=\"widget\" data-widget_type=\"image-box.default\">\n\t\t\t\t<div class=\"elementor-widget-container\">\n\t\t\t\t\t<div class=\"elementor-image-box-wrapper\"><figure class=\"elementor-image-box-img\"><img fetchpriority=\"high\" decoding=\"async\" width=\"512\" height=\"512\" src=\"https:\/\/asoazuaycge.com\/wp-content\/uploads\/2025\/05\/LOGO-AHORRO-NORMAL_w.png\" class=\"attachment-full size-full wp-image-53\" alt=\"\" \/><\/figure><div class=\"elementor-image-box-content\"><h3 class=\"elementor-image-box-title\">Cr\u00e9ditos<\/h3><p class=\"elementor-image-box-description\"><p style=\"text-align:center;color:#fff\">Tu dinero disponible de forma inmediata, fortalece tu plan de ahorro\n<\/p>\n\n<a href=\"https:\/\/asoazuaycge.com\/index.php\/credito\/\" style=\"background-color:#fff;color:#074749;padding:10px 20px;font-weight:bold;text-decoration:none;border-radius:5px\">\n    M\u00e1s informaci\u00f3n\n<\/a><\/p><\/div><\/div>\t\t\t\t<\/div>\n\t\t\t\t<\/div>\n\t\t\t\t<div class=\"elementor-element elementor-element-b650722 elementor-position-top elementor-widget elementor-widget-image-box\" data-id=\"b650722\" data-element_type=\"widget\" data-e-type=\"widget\" data-widget_type=\"image-box.default\">\n\t\t\t\t<div class=\"elementor-widget-container\">\n\t\t\t\t\t<div class=\"elementor-image-box-wrapper\"><figure class=\"elementor-image-box-img\"><a href=\"https:\/\/asoazuaycge.com\/index.php\/servicio\/\" tabindex=\"-1\"><img fetchpriority=\"high\" decoding=\"async\" width=\"512\" height=\"512\" src=\"https:\/\/asoazuaycge.com\/wp-content\/uploads\/2025\/05\/LOGO-AHORRO-NORMAL_w.png\" class=\"attachment-full size-full wp-image-53\" alt=\"\" \/><\/a><\/figure><div class=\"elementor-image-box-content\"><h3 class=\"elementor-image-box-title\"><a href=\"https:\/\/asoazuaycge.com\/index.php\/servicio\/\">Servicios<\/a><\/h3><p class=\"elementor-image-box-description\"><p style=\"text-align:center;color:#fff\">\nTu dinero disponible de forma inmediata, fortalece tu plan de ahorro\n<\/p>\n\n<a href=\"https:\/\/asoazuaycge.com\/index.php\/servicio\/\" target=\"_blank\" style=\"background-color:#fff;color:#074749;padding:10px 20px;font-weight:bold;text-decoration:none;border-radius:5px\">\n    M\u00e1s informaci\u00f3n\n<\/a><\/p><\/div><\/div>\t\t\t\t<\/div>\n\t\t\t\t<\/div>\n\t\t\t\t<\/div>\n\t\t\t\t\t<\/div>\n\t\t\t\t<\/div>\n\t\t\t\t<\/div>\n\t\t","protected":false},"excerpt":{"rendered":"<p>NoticiasVer m\u00e1sServiciosClick HereConsultasClick Here Misi\u00f3n Entregar productos y servicios micro financieros que se adaptan a las necesidades de los socios e impulsan el crecimiento de sus operaciones mercantiles, con atenci\u00f3n oportuna y personalizada dentro del marco de \u00e9tica, honestidad, compromiso y equidad. Visi\u00f3n La Caja de Ahorro y Cr\u00e9dito Atahualpa se consolidar\u00e1 en el mercado&#8230;<\/p>\n","protected":false},"author":1,"featured_media":0,"parent":0,"menu_order":0,"comment_status":"closed","ping_status":"closed","template":"","meta":{"_kad_post_transparent":"","_kad_post_title":"hide","_kad_post_layout":"fullwidth","_kad_post_sidebar_id":"","_kad_post_content_style":"unboxed","_kad_post_vertical_padding":"hide","_kad_post_feature":"hide","_kad_post_feature_position":"","_kad_post_header":false,"_kad_post_footer":false,"_kad_post_classname":"","footnotes":""},"class_list":["post-14","page","type-page","status-publish","hentry"],"_links":{"self":[{"href":"https:\/\/asoazuaycge.com\/index.php\/wp-json\/wp\/v2\/pages\/14","targetHints":{"allow":["GET"]}}],"collection":[{"href":"https:\/\/asoazuaycge.com\/index.php\/wp-json\/wp\/v2\/pages"}],"about":[{"href":"https:\/\/asoazuaycge.com\/index.php\/wp-json\/wp\/v2\/types\/page"}],"author":[{"embeddable":true,"href":"https:\/\/asoazuaycge.com\/index.php\/wp-json\/wp\/v2\/users\/1"}],"replies":[{"embeddable":true,"href":"https:\/\/asoazuaycge.com\/index.php\/wp-json\/wp\/v2\/comments?post=14"}],"version-history":[{"count":100,"href":"https:\/\/asoazuaycge.com\/index.php\/wp-json\/wp\/v2\/pages\/14\/revisions"}],"predecessor-version":[{"id":255,"href":"https:\/\/asoazuaycge.com\/index.php\/wp-json\/wp\/v2\/pages\/14\/revisions\/255"}],"wp:attachment":[{"href":"https:\/\/asoazuaycge.com\/index.php\/wp-json\/wp\/v2\/media?parent=14"}],"curies":[{"name":"wp","href":"https:\/\/api.w.org\/{rel}","templated":true}]}}